{"id":496,"date":"2023-09-18T18:17:58","date_gmt":"2023-09-18T22:17:58","guid":{"rendered":"https:\/\/childcareforeveryfamily.org\/?page_id=496"},"modified":"2026-02-17T12:24:01","modified_gmt":"2026-02-17T17:24:01","slug":"careers","status":"publish","type":"page","link":"https:\/\/childcareforeveryfamily.org\/es\/careers\/","title":{"rendered":"Estamos contratando!"},"content":{"rendered":"<p>La Red re\u00fane a las personas directamente involucradas e impactadas por el cuidado infantil (padres, proveedores y defensores) para construir una infraestructura de cuidado infantil centrada en la justicia racial y de g\u00e9nero que rinda cuentas ante aquellos que han sido m\u00e1s perjudicados por nuestra falta de inversi\u00f3n y los programas actualmente insuficientemente financiados. Estamos convocando a familias, organizaciones y proveedores de localidades, estados y la naci\u00f3n para desarrollar estrategias compartidas para transformar fundamentalmente el cuidado infantil.<\/p>\n\n\n\n<h4 class=\"wp-block-heading\"><strong>Join us as <\/strong>a Campaign Communications Director!<\/h4>\n\n\n\n<p><strong>Position Title:<\/strong> Campaign Communications Director<br><strong>Reports to:<\/strong> Executive Director<br><strong>Direct reports:<\/strong> None<br><strong>Location: <\/strong>Candidate will ideally live within two hours of the D.C. metro \/ DMV area or have willingness to relocate<br><strong>Annual Pay Range: <\/strong>$115,000-140,000<br><strong>Classification: <\/strong>Full-time; Exempt; At-Will<\/p>\n\n\n\n<p>The Campaign Communications Director plays a central role in advancing the Child Care for Every Family Network\u2019s federal and political strategy by shaping and coordinating narrative, messaging, and earned media efforts across national and state partners. Reporting to the Director and working closely with the Network\u2019s Communications Director, this role co-leads the development of a shared national narrative framework that anchors all federal-facing work, supports power-building and legislative campaigns, and strengthens alignment across the child care movement.<\/p>\n\n\n\n<p>This is a senior role requiring deep experience in campaign communications, narrative strategy, earned media, and cross-movement coordination, with a strong understanding of federal policy and compliant political communications<\/p>\n\n\n\n<div class=\"wp-block-buttons is-content-justification-center is-layout-flex wp-container-core-buttons-layout-1 wp-block-buttons-is-layout-flex\">\n<div class=\"wp-block-button\"><a class=\"wp-block-button__link wp-element-button\" href=\"https:\/\/nrgconsultinggroup.applytojob.com\/apply\/8L2OMmd7hP\/CCEFN-Campaign-Communications-Director\">Learn more and apply<\/a><\/div>\n<\/div>","protected":false},"excerpt":{"rendered":"<p>The Child Care For Every Family Network brings together the people directly involved in and impacted by child care\u2014parents, providers, and advocates\u2014to build a racial and gender justice-centered child care infrastructure that is accountable to those who have been most harmed by our lack of investment and currently underfunded programs. We are convening families, organizations,&hellip; <a class=\"more-link\" href=\"https:\/\/childcareforeveryfamily.org\/es\/careers\/\">Continue reading <span class=\"screen-reader-text\">Estamos contratando!<\/span><\/a><\/p>","protected":false},"author":9,"featured_media":500,"parent":0,"menu_order":0,"comment_status":"closed","ping_status":"closed","template":"templates\/blank-template.php","meta":{"inline_featured_image":false,"footnotes":""},"acf":[],"_links":{"self":[{"href":"https:\/\/childcareforeveryfamily.org\/es\/wp-json\/wp\/v2\/pages\/496"}],"collection":[{"href":"https:\/\/childcareforeveryfamily.org\/es\/wp-json\/wp\/v2\/pages"}],"about":[{"href":"https:\/\/childcareforeveryfamily.org\/es\/wp-json\/wp\/v2\/types\/page"}],"author":[{"embeddable":true,"href":"https:\/\/childcareforeveryfamily.org\/es\/wp-json\/wp\/v2\/users\/9"}],"replies":[{"embeddable":true,"href":"https:\/\/childcareforeveryfamily.org\/es\/wp-json\/wp\/v2\/comments?post=496"}],"version-history":[{"count":12,"href":"https:\/\/childcareforeveryfamily.org\/es\/wp-json\/wp\/v2\/pages\/496\/revisions"}],"predecessor-version":[{"id":2147,"href":"https:\/\/childcareforeveryfamily.org\/es\/wp-json\/wp\/v2\/pages\/496\/revisions\/2147"}],"wp:featuredmedia":[{"embeddable":true,"href":"https:\/\/childcareforeveryfamily.org\/es\/wp-json\/wp\/v2\/media\/500"}],"wp:attachment":[{"href":"https:\/\/childcareforeveryfamily.org\/es\/wp-json\/wp\/v2\/media?parent=496"}],"curies":[{"name":"wp","href":"https:\/\/api.w.org\/{rel}","templated":true}]}}