{"id":332,"date":"2023-05-23T13:37:27","date_gmt":"2023-05-23T17:37:27","guid":{"rendered":"https:\/\/childcareforeveryfamily.org\/?page_id=332"},"modified":"2025-09-25T16:49:15","modified_gmt":"2025-09-25T20:49:15","slug":"learn","status":"publish","type":"page","link":"https:\/\/childcareforeveryfamily.org\/es\/learn\/","title":{"rendered":"Conocimientos"},"content":{"rendered":"<p>Creemos que la educaci\u00f3n y el conocimiento compartidos son clave para un movimiento fuerte. Env\u00ede un correo electr\u00f3nico a info@childcareforeveryfamily.org para recibir la contrase\u00f1a de nuestros videos.<\/p>\n\n\n\n<div class=\"wp-block-columns is-layout-flex wp-container-core-columns-layout-1 wp-block-columns-is-layout-flex\">\n<div class=\"wp-block-column is-layout-flow wp-block-column-is-layout-flow\">\n<figure class=\"wp-block-embed is-type-video is-provider-vimeo wp-block-embed-vimeo wp-embed-aspect-16-9 wp-has-aspect-ratio\"><div class=\"wp-block-embed__wrapper\">\n<iframe loading=\"lazy\" title=\"Community and Family Resiliency Webinar_9.24.2025\" src=\"https:\/\/player.vimeo.com\/video\/1122007537?dnt=1&amp;app_id=122963\" width=\"750\" height=\"422\" frameborder=\"0\" allow=\"autoplay; fullscreen; picture-in-picture; clipboard-write; encrypted-media; web-share\" referrerpolicy=\"strict-origin-when-cross-origin\"><\/iframe>\n<\/div><\/figure>\n<\/div>\n\n\n\n<div class=\"wp-block-column is-layout-flow wp-block-column-is-layout-flow\">\n<h4 class=\"wp-block-heading\">Community and Family Resiliency in the Age of ICE<\/h4>\n\n\n\n<p><br>Acompa\u00f1enos con nuestros compa\u00f1eros de\u00a0<a href=\"https:\/\/pifcoalition.org\/?emci=ab136e4c-cf97-f011-b484-6045bdeb7413&amp;emdi=ea000000-0000-0000-0000-000000000001&amp;ceid={{ContactsEmailID}}\">Protecting Immigrant Families<\/a>,\u00a0<a href=\"https:\/\/parents-together.org\/?emci=ab136e4c-cf97-f011-b484-6045bdeb7413&amp;emdi=ea000000-0000-0000-0000-000000000001&amp;ceid={{ContactsEmailID}}\">Parents Together<\/a>y\u00a0<a href=\"https:\/\/www.mylori.org\/?emci=ab136e4c-cf97-f011-b484-6045bdeb7413&amp;emdi=ea000000-0000-0000-0000-000000000001&amp;ceid={{ContactsEmailID}}\">Louisiana Organization for Refugees &amp; Immigrants<\/a>\u00a0Organizaci\u00f3n de Louisiana para los Refugiados e Inmigrantes (LORI en ingles), y Caracol Counseling and Parenting para platicar sobre c\u00f3mo nos podemos preparar como padres y proveedores de cuidado infantil para redadas e emergencias de inmigracion.\u00a0<\/p>\n<\/div>\n<\/div>\n\n\n\n<div class=\"wp-block-columns is-layout-flex wp-container-core-columns-layout-2 wp-block-columns-is-layout-flex\">\n<div class=\"wp-block-column is-layout-flow wp-block-column-is-layout-flow\">\n<figure class=\"wp-block-embed is-type-video is-provider-vimeo wp-block-embed-vimeo wp-embed-aspect-16-9 wp-has-aspect-ratio\"><div class=\"wp-block-embed__wrapper\">\n<iframe loading=\"lazy\" title=\"Protecting Medicaid &amp; Defending Disability Rights \/\/ Protegiendo Medicaid y los derechos de las personas con discapacidades\" src=\"https:\/\/player.vimeo.com\/video\/1094493096?dnt=1&amp;app_id=122963\" width=\"750\" height=\"422\" frameborder=\"0\" allow=\"autoplay; fullscreen; picture-in-picture; clipboard-write; encrypted-media; web-share\" referrerpolicy=\"strict-origin-when-cross-origin\"><\/iframe>\n<\/div><\/figure>\n\n\n\n<div class=\"wp-block-buttons is-layout-flex wp-block-buttons-is-layout-flex\">\n<div class=\"wp-block-button\"><a class=\"wp-block-button__link wp-element-button\" href=\"https:\/\/us06web.zoom.us\/rec\/share\/ki1F-qyhm888pMzRcYCGOdHVBswaIMAM_xAHTCMBPqt9nfkdNyPLLu23k_8r4KEi.CAbQlLd4zG2YCp4m?startTime=1750262930000 Passcode: Kkb.n22P\">View on Zoom<\/a><\/div>\n<\/div>\n<\/div>\n\n\n\n<div class=\"wp-block-column is-layout-flow wp-block-column-is-layout-flow\">\n<h4 class=\"wp-block-heading\"><strong>Protecting Medicaid &amp; Defending Disability Rights<\/strong><\/h4>\n\n\n\n<p><br>Join us in partnership with The ARC and Caring Across Generations as we bring together advocates, experts, and community members to inform and empower participants to take action in protecting Medicaid and upholding the rights of children and individuals with disabilities.&nbsp;<\/p>\n<\/div>\n<\/div>\n\n\n\n<div style=\"height:52px\" aria-hidden=\"true\" class=\"wp-block-spacer\"><\/div>\n\n\n\n<div class=\"wp-block-columns is-layout-flex wp-container-core-columns-layout-3 wp-block-columns-is-layout-flex\">\n<div class=\"wp-block-column is-layout-flow wp-block-column-is-layout-flow\">\n<figure class=\"wp-block-embed is-type-video is-provider-vimeo wp-block-embed-vimeo wp-embed-aspect-16-9 wp-has-aspect-ratio\"><div class=\"wp-block-embed__wrapper\">\n<iframe loading=\"lazy\" src=\"https:\/\/player.vimeo.com\/video\/1075765245?dnt=1&amp;app_id=122963\" width=\"750\" height=\"422\" frameborder=\"0\" allow=\"autoplay; fullscreen; picture-in-picture; clipboard-write; encrypted-media; web-share\" referrerpolicy=\"strict-origin-when-cross-origin\"><\/iframe>\n<\/div><\/figure>\n\n\n\n<div class=\"wp-block-buttons is-layout-flex wp-block-buttons-is-layout-flex\">\n<div class=\"wp-block-button\"><a class=\"wp-block-button__link has-text-align-center wp-element-button\">View on Zoom<\/a><\/div>\n<\/div>\n\n\n\n<p class=\"has-text-align-center\">Please email info@childcareforeveryfamily.org for Zoom passcode.<\/p>\n<\/div>\n\n\n\n<div class=\"wp-block-column is-layout-flow wp-block-column-is-layout-flow\">\n<h4 class=\"wp-block-heading\"><strong>Del receso del Congreso a la resistencia: Movilizaci\u00f3n para la acci\u00f3n<\/strong><\/h4>\n\n\n\n<p>We came together at a critical time to name what\u2019s at stake, uplift our shared demands, and mobilize to protect our communities from harmful policies that threaten the safety, wellbeing, and dignity of millions. Watch the video to see how you can take direct action!<\/p>\n<\/div>\n<\/div>\n\n\n\n<div style=\"height:100px\" aria-hidden=\"true\" class=\"wp-block-spacer\"><\/div>\n\n\n\n<div class=\"wp-block-columns is-layout-flex wp-container-core-columns-layout-4 wp-block-columns-is-layout-flex\">\n<div class=\"wp-block-column is-layout-flow wp-block-column-is-layout-flow\">\n<figure class=\"wp-block-embed is-type-video is-provider-vimeo wp-block-embed-vimeo\"><div class=\"wp-block-embed__wrapper\">\n<iframe loading=\"lazy\" title=\"Know Your Rights Webinar for Parents &amp; Child Care Providers \/\/ Seminario web &quot;Conozca sus derechos&quot; para padres y proveedores de\" src=\"https:\/\/player.vimeo.com\/video\/1065918585?dnt=1&amp;app_id=122963\" width=\"750\" height=\"469\" frameborder=\"0\" allow=\"autoplay; fullscreen; picture-in-picture; clipboard-write; encrypted-media; web-share\" referrerpolicy=\"strict-origin-when-cross-origin\"><\/iframe>\n<\/div><\/figure>\n\n\n\n<div style=\"height:58px\" aria-hidden=\"true\" class=\"wp-block-spacer\"><\/div>\n\n\n\n<div class=\"wp-block-buttons is-layout-flex wp-block-buttons-is-layout-flex\">\n<div class=\"wp-block-button\"><a class=\"wp-block-button__link wp-element-button\" href=\"https:\/\/us06web.zoom.us\/rec\/share\/wrXLMa463_kqVqNC4kNn3daT-0hdGiyTuxuKnQo8HZM2JXZ1jyx0l9DevWDirMyf.jsVHFLOWTDSgy9Fa?startTime=1741734110000\" target=\"_blank\" rel=\"noreferrer noopener\">Vea en Espa\u00f1ol<\/a><\/div>\n<\/div>\n\n\n\n<p class=\"has-text-align-center\">Please email info@childcareforeveryfamily.org for Zoom passcode.<\/p>\n<\/div>\n\n\n\n<div class=\"wp-block-column is-layout-flow wp-block-column-is-layout-flow\">\n<h4 class=\"wp-block-heading\">\u00a1Conozca sus derechos!: Entrenamiento Virtual para los Padres y Proveedores de Cuidado Infantil <\/h4>\n\n\n\n<p>Debido al aumento de redadas y en las actividades de ICE, sabemos que existe mucho miedo y ansiedad en los espacios y comunidades de cuidado infantil a traves del pa\u00eds. <\/p>\n\n\n\n<p>Este entrenamiento se centrar\u00e1 espec\u00edficamente en los derechos de los proveedores de cuidado infantil al interactuar con el ICE e incluir\u00e1 informaci\u00f3n sobre sus derechos que es relevante para los padres y cuidadores.<\/p>\n\n\n\n<p>Co-hosted with the <a href=\"https:\/\/www.mylori.org\/\">Coorganizado con la Organizaci\u00f3n de Luisiana para Inmigrantes y Refugiados (LORI).<\/a>.<\/p>\n<\/div>\n<\/div>\n\n\n\n<div style=\"height:100px\" aria-hidden=\"true\" class=\"wp-block-spacer\"><\/div>\n\n\n\n<div class=\"wp-block-group is-nowrap is-layout-flex wp-container-core-group-layout-1 wp-block-group-is-layout-flex\">\n<div class=\"wp-block-columns is-layout-flex wp-container-core-columns-layout-5 wp-block-columns-is-layout-flex\">\n<div class=\"wp-block-column is-layout-flow wp-block-column-is-layout-flow\">\n<figure class=\"wp-block-embed is-type-video is-provider-vimeo wp-block-embed-vimeo wp-embed-aspect-16-9 wp-has-aspect-ratio\"><div class=\"wp-block-embed__wrapper\">\n<iframe loading=\"lazy\" title=\"Racist Roots of Child Care \/ Las ra\u00edces racistas del cuidado infantil\" src=\"https:\/\/player.vimeo.com\/video\/1061046739?dnt=1&amp;app_id=122963\" width=\"750\" height=\"402\" frameborder=\"0\" allow=\"autoplay; fullscreen; picture-in-picture; clipboard-write; encrypted-media; web-share\" referrerpolicy=\"strict-origin-when-cross-origin\"><\/iframe>\n<\/div><\/figure>\n<\/div>\n\n\n\n<div class=\"wp-block-column is-layout-flow wp-block-column-is-layout-flow\">\n<h4 class=\"wp-block-heading\">Racist Roots of Child Care with Ohio Organizing Collaborative<\/h4>\n\n\n\n<p>\u00bfSe pregunta por qu\u00e9 nuestro sistema de cuidado infantil est\u00e1 tan descompuesto? \u00bfEspera que se den pasos concretos para solucionarlo? \u00danase a nosotros en un taller interactivo de 90 minutos para familias, proveedores, organizadores y aliados. Organizado conjuntamente con Tami Lunan de Ohio Organizing Collaborative.<\/p>\n<\/div>\n<\/div>\n\n\n\n<div style=\"height:100px;width:0px\" aria-hidden=\"true\" class=\"wp-block-spacer wp-container-content-1\"><\/div>\n\n\n\n<div style=\"height:100px;width:0px\" aria-hidden=\"true\" class=\"wp-block-spacer wp-container-content-2\"><\/div>\n<\/div>\n\n\n\n<div class=\"wp-block-columns is-layout-flex wp-container-core-columns-layout-6 wp-block-columns-is-layout-flex\">\n<div class=\"wp-block-column is-layout-flow wp-block-column-is-layout-flow\">\n<figure class=\"wp-block-embed is-type-video is-provider-vimeo wp-block-embed-vimeo\"><div class=\"wp-block-embed__wrapper\">\n<iframe loading=\"lazy\" src=\"https:\/\/player.vimeo.com\/video\/1055713081?dnt=1&amp;app_id=122963\" width=\"750\" height=\"425\" frameborder=\"0\" allow=\"autoplay; fullscreen; picture-in-picture; clipboard-write; encrypted-media; web-share\" referrerpolicy=\"strict-origin-when-cross-origin\"><\/iframe>\n<\/div><\/figure>\n<\/div>\n\n\n\n<div class=\"wp-block-column is-layout-flow wp-block-column-is-layout-flow\">\n<h4 class=\"wp-block-heading\">Webinar: Budget Reconciliation 101<\/h4>\n\n\n\n<p>Learn the basics of the budget reconciliation process\u2013including how reconciliation instructions work, what the \u201cByrd Rule\u201d is, how this process has been used in the past, and how it can be used to enact different elements of the Trump Administration agenda. <\/p>\n\n\n\n<p>This training feels urgent as Congressional Republicans prepare for at least one reconciliation process this year that will jeopardize funding for a myriad of programs that our families and providers rely on. We hope learning more NOW will help us mount a more effective opposition response to protect our members. This is coming very, very soon.<\/p>\n<\/div>\n<\/div>\n\n\n\n<div style=\"height:61px\" aria-hidden=\"true\" class=\"wp-block-spacer\"><\/div>\n\n\n\n<div class=\"wp-block-columns is-layout-flex wp-container-core-columns-layout-7 wp-block-columns-is-layout-flex\">\n<div class=\"wp-block-column is-layout-flow wp-block-column-is-layout-flow\">\n<figure class=\"wp-block-embed is-type-video is-provider-vimeo wp-block-embed-vimeo wp-embed-aspect-16-9 wp-has-aspect-ratio\"><div class=\"wp-block-embed__wrapper\">\n<iframe loading=\"lazy\" title=\"National Latino Family Report 2024 \/ Informe Nacional de Familias Latinas 2024\" src=\"https:\/\/player.vimeo.com\/video\/967073048?dnt=1&amp;app_id=122963\" width=\"750\" height=\"422\" frameborder=\"0\" allow=\"autoplay; fullscreen; picture-in-picture; clipboard-write; encrypted-media; web-share\" referrerpolicy=\"strict-origin-when-cross-origin\"><\/iframe>\n<\/div><\/figure>\n\n\n\n<p>Organizado en colaboraci\u00f3n con <a href=\"https:\/\/ap-od.org\/home-english\/\">Abriendo Puertas<\/a><\/p>\n<\/div>\n\n\n\n<div class=\"wp-block-column is-layout-flow wp-block-column-is-layout-flow\">\n<h4 class=\"wp-block-heading\">Webinar: National Latino Family Report 2024<\/h4>\n\n\n\n<p>El acceso al cuidado infantil fue una de las principales prioridades en el informe de este a\u00f1o. Escuche m\u00e1s de Abriendo Puertas sobre las experiencias y necesidades de las familias latinas y aprenda qu\u00e9 se necesita para generar un cambio.<\/p>\n<\/div>\n<\/div>\n\n\n\n<div class=\"wp-block-columns is-layout-flex wp-container-core-columns-layout-8 wp-block-columns-is-layout-flex\">\n<div class=\"wp-block-column is-layout-flow wp-block-column-is-layout-flow\">\n<figure class=\"wp-block-embed is-type-video is-provider-vimeo wp-block-embed-vimeo wp-embed-aspect-16-9 wp-has-aspect-ratio\"><div class=\"wp-block-embed__wrapper\">\n<iframe loading=\"lazy\" title=\"Building Power Together: What Will It Take to Win Funding for Child Care?\" src=\"https:\/\/player.vimeo.com\/video\/938774033?dnt=1&amp;app_id=122963\" width=\"750\" height=\"422\" frameborder=\"0\" allow=\"autoplay; fullscreen; picture-in-picture; clipboard-write; encrypted-media; web-share\" referrerpolicy=\"strict-origin-when-cross-origin\"><\/iframe>\n<\/div><\/figure>\n\n\n\n<p>Organizado en colaboraci\u00f3n con <a href=\"https:\/\/communitychange.org\/\">Community Change<\/a> como parte de nuestro <em>Solidarity Education Series<\/em><\/p>\n<\/div>\n\n\n\n<div class=\"wp-block-column is-layout-flow wp-block-column-is-layout-flow\">\n<h4 class=\"wp-block-heading\">Building Power Together: What Will It Take to Win Funding for Child Care?<\/h4>\n\n\n\n<p>We can\u2019t stand one day without child care! So, how do we show up now in this moment? Join us and Network members at Community Change and Childcare Changemakers to learn more!<\/p>\n<\/div>\n<\/div>\n\n\n\n<div class=\"wp-block-columns is-layout-flex wp-container-core-columns-layout-9 wp-block-columns-is-layout-flex\">\n<div class=\"wp-block-column is-layout-flow wp-block-column-is-layout-flow\">\n<figure class=\"wp-block-embed is-type-video is-provider-vimeo wp-block-embed-vimeo wp-embed-aspect-16-9 wp-has-aspect-ratio\"><div class=\"wp-block-embed__wrapper\">\n<iframe loading=\"lazy\" title=\"Workshop: How DC Won Pay Parity for Child Care Providers\" src=\"https:\/\/player.vimeo.com\/video\/899890445?dnt=1&amp;app_id=122963\" width=\"750\" height=\"422\" frameborder=\"0\" allow=\"autoplay; fullscreen; picture-in-picture; clipboard-write; encrypted-media; web-share\" referrerpolicy=\"strict-origin-when-cross-origin\"><\/iframe>\n<\/div><\/figure>\n\n\n\n<p>Organizado en colaboraci\u00f3n con <a href=\"https:\/\/communitychange.org\/\">Community Change<\/a> como parte de nuestro <em>Solidarity Education Series<\/em><\/p>\n<\/div>\n\n\n\n<div class=\"wp-block-column is-layout-flow wp-block-column-is-layout-flow\">\n<h4 class=\"wp-block-heading\">C\u00f3mo los organizadores de D.C. lograron la paridad salarial para los proveedores de cuidado infantil<\/h4>\n\n\n\n<p>Escuche a SPACES in Action y D.C. Action c\u00f3mo consiguieron una gran victoria para la paridad salarial.<\/p>\n<\/div>\n<\/div>\n\n\n\n<div class=\"wp-block-columns is-layout-flex wp-container-core-columns-layout-10 wp-block-columns-is-layout-flex\">\n<div class=\"wp-block-column is-layout-flow wp-block-column-is-layout-flow\">\n<figure class=\"wp-block-embed is-type-video is-provider-vimeo wp-block-embed-vimeo wp-embed-aspect-16-9 wp-has-aspect-ratio\"><div class=\"wp-block-embed__wrapper\">\n<iframe loading=\"lazy\" src=\"https:\/\/player.vimeo.com\/video\/826003661?dnt=1&amp;app_id=122963\" width=\"750\" height=\"422\" frameborder=\"0\" allow=\"autoplay; fullscreen; picture-in-picture; clipboard-write; encrypted-media; web-share\" referrerpolicy=\"strict-origin-when-cross-origin\"><\/iframe>\n<\/div><\/figure>\n\n\n\n<p>Organizado en colaboraci\u00f3n con <a href=\"https:\/\/communitychange.org\/\">Community Change<\/a> como parte de nuestro <em>Solidarity Education Series<\/em><\/p>\n<\/div>\n\n\n\n<div class=\"wp-block-column is-layout-flow wp-block-column-is-layout-flow\">\n<h4 class=\"wp-block-heading\"><strong>Narraci\u00f3n basada en el trauma con Piper Anderson<\/strong><\/h4>\n\n\n\n<p>Las historias de impacto son vitales para los esfuerzos de promoci\u00f3n, pero ser la persona constantemente llamada a compartir su experiencia puede tener un costo emocional y mental con el tiempo. Este taller es para padres y trabajadores de cuidado infantil que desean aprender c\u00f3mo cuidarse a s\u00ed mismos mientras participan en la narraci\u00f3n de historias de promoci\u00f3n. A trav\u00e9s de pautas de reflexi\u00f3n, debates y ejercicios de atenci\u00f3n plena, los participantes definir\u00e1n sus propios l\u00edmites sobre cu\u00e1ndo y c\u00f3mo compartir sus experiencias y crear\u00e1n su propio conjunto de herramientas de cuidado personal.<\/p>\n<\/div>\n<\/div>\n\n\n\n<div style=\"height:100px\" aria-hidden=\"true\" class=\"wp-block-spacer\"><\/div>\n\n\n\n<div class=\"wp-block-columns is-layout-flex wp-container-core-columns-layout-11 wp-block-columns-is-layout-flex\">\n<div class=\"wp-block-column is-layout-flow wp-block-column-is-layout-flow\">\n<figure class=\"wp-block-embed is-type-video is-provider-vimeo wp-block-embed-vimeo wp-embed-aspect-16-9 wp-has-aspect-ratio\"><div class=\"wp-block-embed__wrapper\">\n<iframe loading=\"lazy\" src=\"https:\/\/player.vimeo.com\/video\/829519368?dnt=1&amp;app_id=122963\" width=\"750\" height=\"422\" frameborder=\"0\" allow=\"autoplay; fullscreen; picture-in-picture; clipboard-write; encrypted-media; web-share\" referrerpolicy=\"strict-origin-when-cross-origin\"><\/iframe>\n<\/div><\/figure>\n\n\n\n<p>Organizado en colaboraci\u00f3n con <a href=\"https:\/\/communitychange.org\/\">Community Change<\/a> como parte de nuestro <em>Solidarity Education Series<\/em><\/p>\n<\/div>\n\n\n\n<div class=\"wp-block-column is-layout-flow wp-block-column-is-layout-flow\">\n<h4 class=\"wp-block-heading\"><strong>\u00bfQui\u00e9n paga el costo real de la atenci\u00f3n con el Centro para el Estudio del Empleo en el Cuidado Infantil (CSCCE) de UC Berkeley?<\/strong><\/h4>\n\n\n\n<p>Conozca c\u00f3mo el racismo y el sexismo han impactado la historia de la remuneraci\u00f3n de los educadores de la primera infancia y c\u00f3mo se manifiestan en las disparidades actuales entre los educadores de color y los educadores que trabajan con beb\u00e9s y ni\u00f1os peque\u00f1os. Tambi\u00e9n aprenderemos c\u00f3mo la compensaci\u00f3n inadecuada se cruza con el alto costo para los padres. En nuestra discusi\u00f3n, nos sumergiremos en esta intersecci\u00f3n, c\u00f3mo se explota el trabajo de las comunidades BIPOC y c\u00f3mo podemos luchar juntos para cambiar esto. Despu\u00e9s de brindar algunos ejemplos a nivel estatal de pol\u00edticas y coaliciones que trabajan para cambiar esto, exploraremos sus ideas para encontrar soluciones que aborden la equidad, mejores salarios y condiciones laborales para los educadores de la primera infancia y la asequibilidad para las familias.<\/p>\n<\/div>\n<\/div>\n\n\n\n<div style=\"height:100px\" aria-hidden=\"true\" class=\"wp-block-spacer\"><\/div>\n\n\n\n<div class=\"wp-block-columns is-layout-flex wp-container-core-columns-layout-12 wp-block-columns-is-layout-flex\">\n<div class=\"wp-block-column is-layout-flow wp-block-column-is-layout-flow\">\n<figure class=\"wp-block-embed is-type-video is-provider-vimeo wp-block-embed-vimeo wp-embed-aspect-16-9 wp-has-aspect-ratio\"><div class=\"wp-block-embed__wrapper\">\n<iframe loading=\"lazy\" src=\"https:\/\/player.vimeo.com\/video\/84022642?dnt=1&amp;app_id=122963\" width=\"750\" height=\"422\" frameborder=\"0\" allow=\"autoplay; fullscreen; picture-in-picture; clipboard-write; encrypted-media; web-share\" referrerpolicy=\"strict-origin-when-cross-origin\"><\/iframe>\n<\/div><\/figure>\n\n\n\n<p>Organizado en colaboraci\u00f3n con <a href=\"https:\/\/communitychange.org\/\">Community Change<\/a> como parte de nuestro <em>Solidarity Education Series<\/em><\/p>\n<\/div>\n\n\n\n<div class=\"wp-block-column is-layout-flow wp-block-column-is-layout-flow\">\n<h4 class=\"wp-block-heading\"><strong>Story Stewards: Parte II de la narraci\u00f3n basada en el trauma con Piper Anderson<\/strong><\/h4>\n\n\n\n<p>En esta capacitaci\u00f3n, exploraremos lo que significa ser un administrador de historias; un enfoque \u00e9tico para recopilar y compartir historias que honren la agencia del narrador. Los participantes comprender\u00e1n c\u00f3mo facilitar un enfoque que responda al trauma para la defensa basada en testimonios.<\/p>\n<\/div>\n<\/div>\n\n\n\n<div style=\"height:100px\" aria-hidden=\"true\" class=\"wp-block-spacer\"><\/div>\n\n\n\n<div class=\"wp-block-columns is-layout-flex wp-container-core-columns-layout-13 wp-block-columns-is-layout-flex\">\n<div class=\"wp-block-column is-layout-flow wp-block-column-is-layout-flow\">\n<figure class=\"wp-block-embed is-type-video is-provider-vimeo wp-block-embed-vimeo\"><div class=\"wp-block-embed__wrapper\">\n<iframe loading=\"lazy\" src=\"https:\/\/player.vimeo.com\/video\/857013912?dnt=1&amp;app_id=122963\" width=\"750\" height=\"500\" frameborder=\"0\" allow=\"autoplay; fullscreen; picture-in-picture; clipboard-write; encrypted-media; web-share\" referrerpolicy=\"strict-origin-when-cross-origin\"><\/iframe>\n<\/div><\/figure>\n<\/div>\n\n\n\n<div class=\"wp-block-column is-layout-flow wp-block-column-is-layout-flow\">\n<h4 class=\"wp-block-heading\"><strong>Taller: C\u00f3mo Parent Voices California gan\u00f3 el cuidado infantil asequible<\/strong><\/h4>\n\n\n\n<p>\u00bfQuiere cuidado infantil asequible? \u00a1Organiza a los padres y gana! Aprenda de Parent Voices sobre la campa\u00f1a de California para extender los copagos cero para 370,000 familias y limitar las tarifas al 1% para quienes ganan m\u00e1s del 75% del ingreso medio estatal. El Centro de Derecho y Pol\u00edtica Social (CLASP) tambi\u00e9n estar\u00e1 all\u00ed para compartir m\u00e1s sobre los esfuerzos para abordar las cuotas de los padres en otros esfuerzos legislativos.<\/p>\n<\/div>\n<\/div>\n\n\n\n<div style=\"height:100px\" aria-hidden=\"true\" class=\"wp-block-spacer\"><\/div>\n\n\n\n<div class=\"wp-block-columns is-layout-flex wp-container-core-columns-layout-14 wp-block-columns-is-layout-flex\">\n<div class=\"wp-block-column is-layout-flow wp-block-column-is-layout-flow\">\n<figure class=\"wp-block-embed is-type-video is-provider-vimeo wp-block-embed-vimeo\"><div class=\"wp-block-embed__wrapper\">\n<iframe loading=\"lazy\" src=\"https:\/\/player.vimeo.com\/video\/848818099?dnt=1&amp;app_id=122963\" width=\"750\" height=\"469\" frameborder=\"0\" allow=\"autoplay; fullscreen; picture-in-picture; clipboard-write; encrypted-media; web-share\" referrerpolicy=\"strict-origin-when-cross-origin\"><\/iframe>\n<\/div><\/figure>\n\n\n\n<div class=\"wp-block-buttons is-layout-flex wp-block-buttons-is-layout-flex\"><\/div>\n<\/div>\n\n\n\n<div class=\"wp-block-column is-layout-flow wp-block-column-is-layout-flow\">\n<h4 class=\"wp-block-heading\"><strong>Workshop: How Stabilization Cliffs Will Impact Families &amp; Providers<\/strong><\/h4>\n\n\n\n<p>El 30 de septiembre de 2023 es probable que en todo el pa\u00eds desaparezca el cuidado infantil para millones de ni\u00f1os y sus familias con terribles consecuencias para los ni\u00f1os, familias, maestras de educaci\u00f3n temprana y para la econom\u00eda estatal. Acomp\u00e1\u00f1enos el 19 de julio cuando platicaremos con Julie Kashen de The Century Foundation para discutir acerca de su m\u00e1s reciente informe resaltando la necesidad urgente de financiamiento inmediato y soluciones integrales a largo plazo a nivel federal que ofrecen opciones de cuidado infantil seguro, formativo y asequible para todas las familias.<\/p>\n<\/div>\n<\/div>\n\n\n\n<div class=\"wp-block-buttons is-content-justification-center is-layout-flex wp-container-core-buttons-layout-5 wp-block-buttons-is-layout-flex\">\n<div class=\"wp-block-button\"><a class=\"wp-block-button__link has-white-color has-gray-background-color has-text-color has-background wp-element-button\" href=\"https:\/\/drive.google.com\/drive\/folders\/1KWJRkYyNh1rnEnqC9slWn6TGaP6wRap1\">Access state fact sheets<\/a><\/div>\n<\/div>\n\n\n\n<div style=\"height:100px\" aria-hidden=\"true\" class=\"wp-block-spacer\"><\/div>\n\n\n\n<div class=\"wp-block-buttons is-layout-flex wp-block-buttons-is-layout-flex\"><\/div>","protected":false},"excerpt":{"rendered":"<p>We believe shared education and knowledge is key to a strong movement. Please email info@childcareforeveryfamily.org to receive the password for our videos. Community and Family Resiliency in the Age of ICE Join us in partnership with\u00a0Protecting Immigrant Families,\u00a0Parents Together, and\u00a0Louisiana Organization for Refugees &amp; Immigrants\u00a0(LORI), and Caracol Counseling and Parenting as we talk about the&hellip; <a class=\"more-link\" href=\"https:\/\/childcareforeveryfamily.org\/es\/learn\/\">Continue reading <span class=\"screen-reader-text\">Conocimientos<\/span><\/a><\/p>","protected":false},"author":9,"featured_media":78,"parent":0,"menu_order":0,"comment_status":"closed","ping_status":"closed","template":"templates\/blank-template.php","meta":{"inline_featured_image":false,"footnotes":""},"acf":[],"_links":{"self":[{"href":"https:\/\/childcareforeveryfamily.org\/es\/wp-json\/wp\/v2\/pages\/332"}],"collection":[{"href":"https:\/\/childcareforeveryfamily.org\/es\/wp-json\/wp\/v2\/pages"}],"about":[{"href":"https:\/\/childcareforeveryfamily.org\/es\/wp-json\/wp\/v2\/types\/page"}],"author":[{"embeddable":true,"href":"https:\/\/childcareforeveryfamily.org\/es\/wp-json\/wp\/v2\/users\/9"}],"replies":[{"embeddable":true,"href":"https:\/\/childcareforeveryfamily.org\/es\/wp-json\/wp\/v2\/comments?post=332"}],"version-history":[{"count":61,"href":"https:\/\/childcareforeveryfamily.org\/es\/wp-json\/wp\/v2\/pages\/332\/revisions"}],"predecessor-version":[{"id":2072,"href":"https:\/\/childcareforeveryfamily.org\/es\/wp-json\/wp\/v2\/pages\/332\/revisions\/2072"}],"wp:featuredmedia":[{"embeddable":true,"href":"https:\/\/childcareforeveryfamily.org\/es\/wp-json\/wp\/v2\/media\/78"}],"wp:attachment":[{"href":"https:\/\/childcareforeveryfamily.org\/es\/wp-json\/wp\/v2\/media?parent=332"}],"curies":[{"name":"wp","href":"https:\/\/api.w.org\/{rel}","templated":true}]}}