{"id":304,"date":"2023-04-13T14:13:46","date_gmt":"2023-04-13T18:13:46","guid":{"rendered":"https:\/\/childcareforeveryfamily.org\/?page_id=304"},"modified":"2026-04-07T12:49:49","modified_gmt":"2026-04-07T16:49:49","slug":"networkmeeting","status":"publish","type":"page","link":"https:\/\/childcareforeveryfamily.org\/es\/networkmeeting\/","title":{"rendered":"Reuniones de toda la red"},"content":{"rendered":"<hr class=\"wp-block-separator has-alpha-channel-opacity\"\/>\n\n\n\n<h4 class=\"wp-block-heading\">\u00a1Mira\/escucha reuniones pasadas! <\/h4>\n\n\n\n<p>Env\u00ede un correo electr\u00f3nico a info@childcareforeveryfamily.org para recibir la contrase\u00f1a de estas reuniones grabadas.<\/p>\n\n\n\n<div style=\"height:38px\" aria-hidden=\"true\" class=\"wp-block-spacer\"><\/div>\n\n\n\n<div class=\"wp-block-columns is-layout-flex wp-container-core-columns-layout-1 wp-block-columns-is-layout-flex\">\n<div class=\"wp-block-column is-layout-flow wp-block-column-is-layout-flow\">\n<h4 class=\"wp-block-heading\">March 2025 All-Network Meeting<\/h4>\n\n\n\n<p>In March, we shared updates on the first 100 days of the Trump administration and ways that folks can protect themselves and their communities. <\/p>\n<\/div>\n\n\n\n<div class=\"wp-block-column is-layout-flow wp-block-column-is-layout-flow\">\n<figure class=\"wp-block-embed is-type-video is-provider-vimeo wp-block-embed-vimeo wp-embed-aspect-16-9 wp-has-aspect-ratio\"><div class=\"wp-block-embed__wrapper\">\n<iframe loading=\"lazy\" src=\"https:\/\/player.vimeo.com\/video\/1064435968?dnt=1&amp;app_id=122963\" width=\"750\" height=\"422\" frameborder=\"0\" allow=\"autoplay; fullscreen; picture-in-picture; clipboard-write; encrypted-media; web-share\" referrerpolicy=\"strict-origin-when-cross-origin\"><\/iframe>\n<\/div><\/figure>\n<\/div>\n<\/div>\n\n\n\n<div class=\"wp-block-columns is-layout-flex wp-container-core-columns-layout-2 wp-block-columns-is-layout-flex\">\n<div class=\"wp-block-column is-layout-flow wp-block-column-is-layout-flow\">\n<h4 class=\"wp-block-heading\"><strong>Reuni\u00f3n de toda la red de diciembre de 2024<\/strong><\/h4>\n\n\n\n<p>En diciembre, informamos sobre las elecciones de 2024 y lo que significan para el futuro de nuestro movimiento y el cuidado infantil universal.<\/p>\n<\/div>\n\n\n\n<div class=\"wp-block-column is-layout-flow wp-block-column-is-layout-flow\">\n<figure class=\"wp-block-embed is-type-video is-provider-vimeo wp-block-embed-vimeo\"><div class=\"wp-block-embed__wrapper\">\n<iframe loading=\"lazy\" src=\"https:\/\/player.vimeo.com\/video\/1054599984?dnt=1&amp;app_id=122963\" width=\"750\" height=\"441\" frameborder=\"0\" allow=\"autoplay; fullscreen; picture-in-picture; clipboard-write; encrypted-media; web-share\" referrerpolicy=\"strict-origin-when-cross-origin\"><\/iframe>\n<\/div><\/figure>\n<\/div>\n<\/div>\n\n\n\n<div style=\"height:50px\" aria-hidden=\"true\" class=\"wp-block-spacer\"><\/div>\n\n\n\n<div class=\"wp-block-columns is-layout-flex wp-container-core-columns-layout-3 wp-block-columns-is-layout-flex\">\n<div class=\"wp-block-column is-layout-flow wp-block-column-is-layout-flow\">\n<h4 class=\"wp-block-heading\">Reuni\u00f3n de toda la red de agosto de 2024<\/h4>\n\n\n\n<p>El 20 de agosto nos reunimos para hablar sobre el aumento de la energ\u00eda que se est\u00e1 produciendo en todo el pa\u00eds, c\u00f3mo se ve el panorama nacional y nuestro plan para ganar. Tambi\u00e9n actuamos juntos para instar al Congreso a aprobar 16 mil millones de d\u00f3lares como parte del presupuesto complementario y financiar de forma permanente y completa el sistema que todos queremos y necesitamos.<\/p>\n<\/div>\n\n\n\n<div class=\"wp-block-column is-layout-flow wp-block-column-is-layout-flow\">\n<figure class=\"wp-block-embed is-type-video is-provider-vimeo wp-block-embed-vimeo\"><div class=\"wp-block-embed__wrapper\">\n<iframe loading=\"lazy\" title=\"All-Network Meeting 8.20.24 \/ Reuni\u00f3n de toda la red 20\/08\/24\" src=\"https:\/\/player.vimeo.com\/video\/1001285627?dnt=1&amp;app_id=122963\" width=\"750\" height=\"441\" frameborder=\"0\" allow=\"autoplay; fullscreen; picture-in-picture; clipboard-write; encrypted-media; web-share\" referrerpolicy=\"strict-origin-when-cross-origin\"><\/iframe>\n<\/div><\/figure>\n<\/div>\n<\/div>\n\n\n\n<div class=\"wp-block-columns is-layout-flex wp-container-core-columns-layout-4 wp-block-columns-is-layout-flex\">\n<div class=\"wp-block-column is-layout-flow wp-block-column-is-layout-flow\">\n<h4 class=\"wp-block-heading\">Reuni\u00f3n de toda la red de mayo de 2024<\/h4>\n\n\n\n<p>El 21\/5, nos reunimos para hablar sobre el desarrollo de poder que se est\u00e1 produciendo en todo el pa\u00eds, c\u00f3mo se ve el panorama nacional y nuestro plan para ganar, incluida una nueva Gu\u00eda de mensajes para el cuidado infantil en todo el movimiento.<\/p>\n<\/div>\n\n\n\n<div class=\"wp-block-column is-layout-flow wp-block-column-is-layout-flow\">\n<figure class=\"wp-block-embed is-type-video is-provider-vimeo wp-block-embed-vimeo\"><div class=\"wp-block-embed__wrapper\">\n<iframe loading=\"lazy\" title=\"All Network Meeting \/ Junta de la red entera | May 21, 2024\" src=\"https:\/\/player.vimeo.com\/video\/952135055?dnt=1&amp;app_id=122963\" width=\"750\" height=\"376\" frameborder=\"0\" allow=\"autoplay; fullscreen; picture-in-picture; clipboard-write; encrypted-media; web-share\" referrerpolicy=\"strict-origin-when-cross-origin\"><\/iframe>\n<\/div><\/figure>\n<\/div>\n<\/div>\n\n\n\n<div class=\"wp-block-columns is-layout-flex wp-container-core-columns-layout-5 wp-block-columns-is-layout-flex\">\n<div class=\"wp-block-column is-layout-flow wp-block-column-is-layout-flow\">\n<h4 class=\"wp-block-heading\">Enero 2024 Reunion de toda la red<\/h4>\n\n\n\n<p>El 31 de enero, organizamos una reuni\u00f3n de toda la red en la que informamos a MUCHAS formas de participar, incluidas nuevas e interesantes encuestas, nuestro grupo de campa\u00f1a estatal y c\u00f3mo las organizaciones estatales y locales pueden responder a los continuos retrasos en la financiaci\u00f3n y t\u00e1cticas dilatorias por parte de los republicanos de la C\u00e1mara de Representantes. M\u00edralo aqu\u00ed.<\/p>\n<\/div>\n\n\n\n<div class=\"wp-block-column is-layout-flow wp-block-column-is-layout-flow\">\n<figure class=\"wp-block-embed is-type-video is-provider-vimeo wp-block-embed-vimeo wp-embed-aspect-16-9 wp-has-aspect-ratio\"><div class=\"wp-block-embed__wrapper\">\n<iframe loading=\"lazy\" src=\"https:\/\/player.vimeo.com\/video\/911680825?dnt=1&amp;app_id=122963\" width=\"750\" height=\"422\" frameborder=\"0\" allow=\"autoplay; fullscreen; picture-in-picture; clipboard-write; encrypted-media; web-share\" referrerpolicy=\"strict-origin-when-cross-origin\"><\/iframe>\n<\/div><\/figure>\n<\/div>\n<\/div>\n\n\n\n<div class=\"wp-block-columns is-layout-flex wp-container-core-columns-layout-6 wp-block-columns-is-layout-flex\">\n<div class=\"wp-block-column is-layout-flow wp-block-column-is-layout-flow\">\n<h4 class=\"wp-block-heading\">Julio de 2023 Reuni\u00f3n de toda la red<\/h4>\n\n\n\n<p>Actualizaciones sobre las nuevas reglas propuestas por Biden\/Harris para los programas de subsidio de cuidado infantil; inminentes precipicios en la financiaci\u00f3n del cuidado infantil; y la victoria de Parent Voices California al limitar los copagos familiares. <\/p>\n<\/div>\n\n\n\n<div class=\"wp-block-column is-layout-flow wp-block-column-is-layout-flow\">\n<figure class=\"wp-block-embed is-type-video is-provider-vimeo wp-block-embed-vimeo wp-embed-aspect-16-9 wp-has-aspect-ratio\"><div class=\"wp-block-embed__wrapper\">\n<iframe loading=\"lazy\" src=\"https:\/\/player.vimeo.com\/video\/845037852?dnt=1&amp;app_id=122963\" width=\"750\" height=\"422\" frameborder=\"0\" allow=\"autoplay; fullscreen; picture-in-picture; clipboard-write; encrypted-media; web-share\" referrerpolicy=\"strict-origin-when-cross-origin\"><\/iframe>\n<\/div><\/figure>\n<\/div>\n<\/div>","protected":false},"excerpt":{"rendered":"<p>Watch \/ listen to past meetings! Email info@childcareforeveryfamily.org to receive the password for these recorded meetings. March 2025 All-Network Meeting In March, we shared updates on the first 100 days of the Trump administration and ways that folks can protect themselves and their communities. December 2024 All-Network Meeting In December, we debriefed the 2024 election&hellip; <a class=\"more-link\" href=\"https:\/\/childcareforeveryfamily.org\/es\/networkmeeting\/\">Continue reading <span class=\"screen-reader-text\">Reuniones de toda la red<\/span><\/a><\/p>","protected":false},"author":9,"featured_media":0,"parent":0,"menu_order":0,"comment_status":"closed","ping_status":"closed","template":"templates\/blank-template.php","meta":{"inline_featured_image":false,"footnotes":""},"acf":[],"_links":{"self":[{"href":"https:\/\/childcareforeveryfamily.org\/es\/wp-json\/wp\/v2\/pages\/304"}],"collection":[{"href":"https:\/\/childcareforeveryfamily.org\/es\/wp-json\/wp\/v2\/pages"}],"about":[{"href":"https:\/\/childcareforeveryfamily.org\/es\/wp-json\/wp\/v2\/types\/page"}],"author":[{"embeddable":true,"href":"https:\/\/childcareforeveryfamily.org\/es\/wp-json\/wp\/v2\/users\/9"}],"replies":[{"embeddable":true,"href":"https:\/\/childcareforeveryfamily.org\/es\/wp-json\/wp\/v2\/comments?post=304"}],"version-history":[{"count":63,"href":"https:\/\/childcareforeveryfamily.org\/es\/wp-json\/wp\/v2\/pages\/304\/revisions"}],"predecessor-version":[{"id":2188,"href":"https:\/\/childcareforeveryfamily.org\/es\/wp-json\/wp\/v2\/pages\/304\/revisions\/2188"}],"wp:attachment":[{"href":"https:\/\/childcareforeveryfamily.org\/es\/wp-json\/wp\/v2\/media?parent=304"}],"curies":[{"name":"wp","href":"https:\/\/api.w.org\/{rel}","templated":true}]}}