{"id":1380,"date":"2024-06-27T19:04:29","date_gmt":"2024-06-27T23:04:29","guid":{"rendered":"https:\/\/childcareforeveryfamily.org\/?page_id=1380"},"modified":"2026-03-12T17:45:40","modified_gmt":"2026-03-12T21:45:40","slug":"cohort","status":"publish","type":"page","link":"https:\/\/childcareforeveryfamily.org\/es\/cohort\/","title":{"rendered":"Cohorte de campa\u00f1a estatal"},"content":{"rendered":"<p>Para lograr el sistema nacional de cuidado infantil que nuestras familias, ni\u00f1os, proveedores y comunidades necesitan, la Red de Cuidado Infantil para Todas las Familias y <a href=\"https:\/\/communitychange.org\/\">Community Change<\/a> est\u00e1n dirigiendo recursos a grupos organizadores y equipos de campa\u00f1a a nivel estatal a trav\u00e9s de un modelo de cohorte estatal estrat\u00e9gico y plurianual. <\/p>\n\n\n\n<p>Al obtener importantes victorias en materia de cuidado infantil a nivel estatal, generaremos impulso para una victoria nacional. Tambi\u00e9n demostraremos el poder y la experiencia de las organizaciones locales para implementar fondos federales.<\/p>\n\n\n\n<hr class=\"wp-block-separator has-alpha-channel-opacity\"\/>\n\n\n\n<h2 class=\"wp-block-heading\">Conozca a los miembros de la cohorte que trabajan para transformar el cuidado infantil en todo el pa\u00eds.<\/h2>\n\n\n\n<figure class=\"wp-block-image size-large is-resized\"><img loading=\"lazy\" decoding=\"async\" width=\"1024\" height=\"576\" src=\"https:\/\/childcareforeveryfamily.org\/wp-content\/uploads\/2026\/03\/Cohort-One-Two-Map-1-1024x576.png\" alt=\"\" class=\"wp-image-2177\" style=\"width:1600px\" srcset=\"https:\/\/childcareforeveryfamily.org\/wp-content\/uploads\/2026\/03\/Cohort-One-Two-Map-1-1024x576.png 1024w, https:\/\/childcareforeveryfamily.org\/wp-content\/uploads\/2026\/03\/Cohort-One-Two-Map-1-300x169.png 300w, https:\/\/childcareforeveryfamily.org\/wp-content\/uploads\/2026\/03\/Cohort-One-Two-Map-1-768x432.png 768w, https:\/\/childcareforeveryfamily.org\/wp-content\/uploads\/2026\/03\/Cohort-One-Two-Map-1-1536x864.png 1536w, https:\/\/childcareforeveryfamily.org\/wp-content\/uploads\/2026\/03\/Cohort-One-Two-Map-1-18x10.png 18w, https:\/\/childcareforeveryfamily.org\/wp-content\/uploads\/2026\/03\/Cohort-One-Two-Map-1-1568x882.png 1568w, https:\/\/childcareforeveryfamily.org\/wp-content\/uploads\/2026\/03\/Cohort-One-Two-Map-1.png 1920w\" sizes=\"(max-width: 1024px) 100vw, 1024px\" \/><\/figure>","protected":false},"excerpt":{"rendered":"<p>In order to win the national child care system that our families, kids, providers, and communities need, The Child Care for Every Family Network and Community Change are directing resources to state-based organizing groups and campaign teams through a strategic, multi-year state cohort model. By winning major child care victories at the state level, we&hellip; <a class=\"more-link\" href=\"https:\/\/childcareforeveryfamily.org\/es\/cohort\/\">Continue reading <span class=\"screen-reader-text\">Cohorte de campa\u00f1a estatal<\/span><\/a><\/p>","protected":false},"author":9,"featured_media":0,"parent":0,"menu_order":0,"comment_status":"closed","ping_status":"closed","template":"templates\/blank-template.php","meta":{"inline_featured_image":false,"footnotes":""},"acf":[],"_links":{"self":[{"href":"https:\/\/childcareforeveryfamily.org\/es\/wp-json\/wp\/v2\/pages\/1380"}],"collection":[{"href":"https:\/\/childcareforeveryfamily.org\/es\/wp-json\/wp\/v2\/pages"}],"about":[{"href":"https:\/\/childcareforeveryfamily.org\/es\/wp-json\/wp\/v2\/types\/page"}],"author":[{"embeddable":true,"href":"https:\/\/childcareforeveryfamily.org\/es\/wp-json\/wp\/v2\/users\/9"}],"replies":[{"embeddable":true,"href":"https:\/\/childcareforeveryfamily.org\/es\/wp-json\/wp\/v2\/comments?post=1380"}],"version-history":[{"count":47,"href":"https:\/\/childcareforeveryfamily.org\/es\/wp-json\/wp\/v2\/pages\/1380\/revisions"}],"predecessor-version":[{"id":2178,"href":"https:\/\/childcareforeveryfamily.org\/es\/wp-json\/wp\/v2\/pages\/1380\/revisions\/2178"}],"wp:attachment":[{"href":"https:\/\/childcareforeveryfamily.org\/es\/wp-json\/wp\/v2\/media?parent=1380"}],"curies":[{"name":"wp","href":"https:\/\/api.w.org\/{rel}","templated":true}]}}